{"id":185,"date":"2015-10-31T11:14:18","date_gmt":"2015-10-29T08:05:18","guid":{"rendered":"http:\/\/www.juniti.si\/?page_id=185"},"modified":"2018-07-23T09:11:25","modified_gmt":"2018-07-23T09:11:25","slug":"o-podjetju","status":"publish","type":"page","link":"https:\/\/www.juniti.si\/web\/o-podjetju\/","title":{"rendered":"O podjetju"},"content":{"rendered":"<div  class=\"ut-one-half  \">\n<h4><strong>Juniti, svetovanje, storitve in prodaja, Kristijan Vogrin\u010di\u010d s.p.<\/strong><\/h4>\n<p>Kup\u0161inci 66<br \/>\n9000\u00a0Murska Sobota<br \/>\nSlovenija<\/p>\n<p>Telefon: 00386 (0)51 217 456<\/p>\n<p>Dav\u010dna \u0161t.: SI24151378<br \/>\nMati\u010dna \u0161t..: 6436005000<\/p>\n<p>TRR: IBAN SI56\u00a06100 0000 9805 495\u00a0 (DELAVSKA HRANILNICA d.d. LJUBLJANA)<\/p>\n<p><img loading=\"lazy\" decoding=\"async\" class=\"alignnone size-medium wp-image-361\" src=\"https:\/\/www.juniti.si\/web\/wp-content\/uploads\/2015\/10\/animal-17819_640-300x200.png\" alt=\"animal-17819_640\" width=\"300\" height=\"200\" srcset=\"https:\/\/www.juniti.si\/web\/wp-content\/uploads\/2015\/10\/animal-17819_640-300x200.png 300w, https:\/\/www.juniti.si\/web\/wp-content\/uploads\/2015\/10\/animal-17819_640.png 640w\" sizes=\"auto, (max-width: 300px) 100vw, 300px\" \/><\/p>\n<p>&nbsp;<\/p>\n<blockquote><p>\u201cI have to crack a nut in order to enjoy it.\u201d<br \/>\n<em>\u2015 Donna Lynn Hope<\/em><\/p><\/blockquote>\n<\/div>\n<div  class=\"ut-one-half ut-column-last  \">\n<div id=\"wpgmza_map\" class=\"wpgmza_map\" data-settings='{\"id\":\"1\",\"map_title\":\"Map\",\"map_width\":\"100\",\"map_height\":\"300\",\"map_start_lat\":\"46.658900\",\"map_start_lng\":\"16.180493\",\"map_start_location\":\"46.6589,16.18049300000007\",\"map_start_zoom\":\"8\",\"default_marker\":\"0\",\"type\":\"1\",\"alignment\":\"1\",\"directions_enabled\":\"1\",\"styling_enabled\":\"0\",\"styling_json\":\"\",\"active\":\"0\",\"kml\":\"\",\"bicycle\":\"0\",\"traffic\":\"0\",\"dbox\":\"1\",\"dbox_width\":\"250\",\"listmarkers\":\"0\",\"listmarkers_advanced\":\"0\",\"filterbycat\":\"0\",\"ugm_enabled\":\"0\",\"ugm_category_enabled\":\"0\",\"fusion\":\"\",\"map_width_type\":\"\\\\%\",\"map_height_type\":\"px\",\"mass_marker_support\":\"1\",\"ugm_access\":\"0\",\"order_markers_by\":\"1\",\"order_markers_choice\":\"2\",\"show_user_location\":\"0\",\"default_to\":\"\",\"other_settings\":{\"store_locator_enabled\":2,\"store_locator_distance\":2,\"store_locator_default_radius\":\"10\",\"store_locator_not_found_message\":\"No results found in this location. Please try again.\",\"store_locator_bounce\":1,\"store_locator_query_string\":\"ZIP \\\/ Address:\",\"store_locator_default_address\":\"\",\"wpgmza_store_locator_restrict\":\"\",\"store_locator_style\":\"legacy\",\"wpgmza_store_locator_radius_style\":\"legacy\",\"map_max_zoom\":\"1\",\"transport_layer\":0,\"wpgmza_theme_data\":\"[ \\\\\\\"visibility\\\\\\\", \\\\\\\"invert_lightness\\\\\\\", \\\\\\\"color\\\\\\\", \\\\\\\"weight\\\\\\\", \\\\\\\"hue\\\\\\\", \\\\\\\"saturation\\\\\\\", \\\\\\\"lightness\\\\\\\", \\\\\\\"gamma\\\\\\\"]\",\"wpgmza_theme_selection\":0,\"wpgmza_show_points_of_interest\":1}}' data-map-id='1' Data-maps-engine='' data-shortcode-attributes='{\"id\":\"1\"}' style=\"display:block; overflow:auto; width:100%; height:300px; float:left;\"><\/div>\n<\/div><div class=\"clear\"><\/div>\n<p><a href=\"http:\/\/www.stop-neplacniki.si\/juniti-kristijan-vogrincic-sp\/\" target=\"_blank\" rel=\"noopener\"><img decoding=\"async\" src=\"http:\/\/www.stop-neplacniki.si\/dpz\/1\/100\/juniti-kristijan-vogrincic-sp\/\" alt=\"Juniti, Kristijan Vogrin\u010di\u010d s.p.\" \/><\/a><\/p>\n","protected":false},"excerpt":{"rendered":"Juniti, svetovanje, storitve in prodaja, Kristijan Vogrin\u010di\u010d s.p. Kup\u0161inci 66 9000\u00a0Murska Sobota Slovenija Telefon: 00386 (0)51 217 456 Dav\u010dna \u0161t.: SI24151378 Mati\u010dna \u0161t..: 6436005000 TRR: IBAN SI56\u00a06100 0000 9805 495\u00a0 (DELAVSKA HRANILNICA d.d. LJUBLJANA) &nbsp; \u201cI have to crack a nut in order to enjoy it.\u201d \u2015 Donna Lynn Hope","protected":false},"author":3,"featured_media":0,"parent":0,"menu_order":23,"comment_status":"closed","ping_status":"closed","template":"","meta":{"footnotes":""},"class_list":["post-185","page","type-page","status-publish","hentry"],"yoast_head":"<!-- This site is optimized with the Yoast SEO plugin v27.5 - https:\/\/yoast.com\/product\/yoast-seo-wordpress\/ -->\n<title>O podjetju - Juniti<\/title>\n<meta name=\"robots\" content=\"index, follow, max-snippet:-1, max-image-preview:large, max-video-preview:-1\" \/>\n<link rel=\"canonical\" href=\"https:\/\/www.juniti.si\/web\/o-podjetju\/\" \/>\n<meta property=\"og:locale\" content=\"sl_SI\" \/>\n<meta property=\"og:type\" content=\"article\" \/>\n<meta property=\"og:title\" content=\"O podjetju - Juniti\" \/>\n<meta property=\"og:url\" content=\"https:\/\/www.juniti.si\/web\/o-podjetju\/\" \/>\n<meta property=\"og:site_name\" content=\"Juniti\" \/>\n<meta property=\"article:publisher\" content=\"https:\/\/www.facebook.com\/juniti.si\/?fref=ts\" \/>\n<meta property=\"article:modified_time\" content=\"2018-07-23T09:11:25+00:00\" \/>\n<meta property=\"og:image\" content=\"https:\/\/www.juniti.si\/web\/wp-content\/uploads\/2015\/10\/animal-17819_640-300x200.png\" \/>\n<meta name=\"twitter:card\" content=\"summary_large_image\" \/>\n<script type=\"application\/ld+json\" class=\"yoast-schema-graph\">{\"@context\":\"https:\\\/\\\/schema.org\",\"@graph\":[{\"@type\":\"WebPage\",\"@id\":\"https:\\\/\\\/www.juniti.si\\\/web\\\/o-podjetju\\\/\",\"url\":\"https:\\\/\\\/www.juniti.si\\\/web\\\/o-podjetju\\\/\",\"name\":\"O podjetju - Juniti\",\"isPartOf\":{\"@id\":\"https:\\\/\\\/www.juniti.si\\\/web\\\/#website\"},\"primaryImageOfPage\":{\"@id\":\"https:\\\/\\\/www.juniti.si\\\/web\\\/o-podjetju\\\/#primaryimage\"},\"image\":{\"@id\":\"https:\\\/\\\/www.juniti.si\\\/web\\\/o-podjetju\\\/#primaryimage\"},\"thumbnailUrl\":\"http:\\\/\\\/www.juniti.si\\\/web\\\/wp-content\\\/uploads\\\/2015\\\/10\\\/animal-17819_640-300x200.png\",\"datePublished\":\"2015-10-29T08:05:18+00:00\",\"dateModified\":\"2018-07-23T09:11:25+00:00\",\"breadcrumb\":{\"@id\":\"https:\\\/\\\/www.juniti.si\\\/web\\\/o-podjetju\\\/#breadcrumb\"},\"inLanguage\":\"sl-SI\",\"potentialAction\":[{\"@type\":\"ReadAction\",\"target\":[\"https:\\\/\\\/www.juniti.si\\\/web\\\/o-podjetju\\\/\"]}]},{\"@type\":\"ImageObject\",\"inLanguage\":\"sl-SI\",\"@id\":\"https:\\\/\\\/www.juniti.si\\\/web\\\/o-podjetju\\\/#primaryimage\",\"url\":\"http:\\\/\\\/www.juniti.si\\\/web\\\/wp-content\\\/uploads\\\/2015\\\/10\\\/animal-17819_640-300x200.png\",\"contentUrl\":\"http:\\\/\\\/www.juniti.si\\\/web\\\/wp-content\\\/uploads\\\/2015\\\/10\\\/animal-17819_640-300x200.png\"},{\"@type\":\"BreadcrumbList\",\"@id\":\"https:\\\/\\\/www.juniti.si\\\/web\\\/o-podjetju\\\/#breadcrumb\",\"itemListElement\":[{\"@type\":\"ListItem\",\"position\":1,\"name\":\"Home\",\"item\":\"https:\\\/\\\/www.juniti.si\\\/web\\\/\"},{\"@type\":\"ListItem\",\"position\":2,\"name\":\"O podjetju\"}]},{\"@type\":\"WebSite\",\"@id\":\"https:\\\/\\\/www.juniti.si\\\/web\\\/#website\",\"url\":\"https:\\\/\\\/www.juniti.si\\\/web\\\/\",\"name\":\"Juniti\",\"description\":\"Juniti WEB site\",\"potentialAction\":[{\"@type\":\"SearchAction\",\"target\":{\"@type\":\"EntryPoint\",\"urlTemplate\":\"https:\\\/\\\/www.juniti.si\\\/web\\\/?s={search_term_string}\"},\"query-input\":{\"@type\":\"PropertyValueSpecification\",\"valueRequired\":true,\"valueName\":\"search_term_string\"}}],\"inLanguage\":\"sl-SI\"}]}<\/script>\n<!-- \/ Yoast SEO plugin. -->","yoast_head_json":{"title":"O podjetju - Juniti","robots":{"index":"index","follow":"follow","max-snippet":"max-snippet:-1","max-image-preview":"max-image-preview:large","max-video-preview":"max-video-preview:-1"},"canonical":"https:\/\/www.juniti.si\/web\/o-podjetju\/","og_locale":"sl_SI","og_type":"article","og_title":"O podjetju - Juniti","og_url":"https:\/\/www.juniti.si\/web\/o-podjetju\/","og_site_name":"Juniti","article_publisher":"https:\/\/www.facebook.com\/juniti.si\/?fref=ts","article_modified_time":"2018-07-23T09:11:25+00:00","og_image":[{"url":"https:\/\/www.juniti.si\/web\/wp-content\/uploads\/2015\/10\/animal-17819_640-300x200.png","type":"","width":"","height":""}],"twitter_card":"summary_large_image","schema":{"@context":"https:\/\/schema.org","@graph":[{"@type":"WebPage","@id":"https:\/\/www.juniti.si\/web\/o-podjetju\/","url":"https:\/\/www.juniti.si\/web\/o-podjetju\/","name":"O podjetju - Juniti","isPartOf":{"@id":"https:\/\/www.juniti.si\/web\/#website"},"primaryImageOfPage":{"@id":"https:\/\/www.juniti.si\/web\/o-podjetju\/#primaryimage"},"image":{"@id":"https:\/\/www.juniti.si\/web\/o-podjetju\/#primaryimage"},"thumbnailUrl":"https:\/\/www.juniti.si\/web\/wp-content\/uploads\/2015\/10\/animal-17819_640-300x200.png","datePublished":"2015-10-29T08:05:18+00:00","dateModified":"2018-07-23T09:11:25+00:00","breadcrumb":{"@id":"https:\/\/www.juniti.si\/web\/o-podjetju\/#breadcrumb"},"inLanguage":"sl-SI","potentialAction":[{"@type":"ReadAction","target":["https:\/\/www.juniti.si\/web\/o-podjetju\/"]}]},{"@type":"ImageObject","inLanguage":"sl-SI","@id":"https:\/\/www.juniti.si\/web\/o-podjetju\/#primaryimage","url":"https:\/\/www.juniti.si\/web\/wp-content\/uploads\/2015\/10\/animal-17819_640-300x200.png","contentUrl":"https:\/\/www.juniti.si\/web\/wp-content\/uploads\/2015\/10\/animal-17819_640-300x200.png"},{"@type":"BreadcrumbList","@id":"https:\/\/www.juniti.si\/web\/o-podjetju\/#breadcrumb","itemListElement":[{"@type":"ListItem","position":1,"name":"Home","item":"https:\/\/www.juniti.si\/web\/"},{"@type":"ListItem","position":2,"name":"O podjetju"}]},{"@type":"WebSite","@id":"https:\/\/www.juniti.si\/web\/#website","url":"https:\/\/www.juniti.si\/web\/","name":"Juniti","description":"Juniti WEB site","potentialAction":[{"@type":"SearchAction","target":{"@type":"EntryPoint","urlTemplate":"https:\/\/www.juniti.si\/web\/?s={search_term_string}"},"query-input":{"@type":"PropertyValueSpecification","valueRequired":true,"valueName":"search_term_string"}}],"inLanguage":"sl-SI"}]}},"_links":{"self":[{"href":"https:\/\/www.juniti.si\/web\/wp-json\/wp\/v2\/pages\/185","targetHints":{"allow":["GET"]}}],"collection":[{"href":"https:\/\/www.juniti.si\/web\/wp-json\/wp\/v2\/pages"}],"about":[{"href":"https:\/\/www.juniti.si\/web\/wp-json\/wp\/v2\/types\/page"}],"author":[{"embeddable":true,"href":"https:\/\/www.juniti.si\/web\/wp-json\/wp\/v2\/users\/3"}],"replies":[{"embeddable":true,"href":"https:\/\/www.juniti.si\/web\/wp-json\/wp\/v2\/comments?post=185"}],"version-history":[{"count":2,"href":"https:\/\/www.juniti.si\/web\/wp-json\/wp\/v2\/pages\/185\/revisions"}],"predecessor-version":[{"id":1181,"href":"https:\/\/www.juniti.si\/web\/wp-json\/wp\/v2\/pages\/185\/revisions\/1181"}],"wp:attachment":[{"href":"https:\/\/www.juniti.si\/web\/wp-json\/wp\/v2\/media?parent=185"}],"curies":[{"name":"wp","href":"https:\/\/api.w.org\/{rel}","templated":true}]}}