{"id":1097,"date":"2018-05-24T20:00:59","date_gmt":"2018-05-24T20:00:59","guid":{"rendered":"https:\/\/www.juniti.si\/?page_id=1097"},"modified":"2018-05-24T20:00:59","modified_gmt":"2018-05-24T20:00:59","slug":"politika-zasebnosti-za-obiskovalce-spletne-strani-gdpr","status":"publish","type":"page","link":"https:\/\/www.juniti.si\/web\/politika-zasebnosti-za-obiskovalce-spletne-strani-gdpr\/","title":{"rendered":"Politika zasebnosti za obiskovalce spletne strani &#8211; GDPR"},"content":{"rendered":"<h2>Kdo smo?<\/h2>\n<p>Spletno mesto <a href=\"http:\/\/juniti.si\">www.juniti.si<\/a> upravlja Juniti, Kristijan Vogrin\u010di\u010d s.p., Kup\u0161inci 66, 9000 Murska Sobota.<\/p>\n<h2>Katere osebne podatke zbiramo in namen zbiranja?<\/h2>\n<h3>Komentarji<\/h3>\n<p>Na spletni strani <a href=\"http:\/\/juniti.si\">www.juniti.si<\/a> so komentarji onemogo\u010deni.<\/p>\n<h3>Kontaktni obrazec<\/h3>\n<p>Spletna stran <a href=\"http:\/\/juniti.si\">www.juniti.si<\/a> uporablja vti\u010dnik Contact Form 7, ki omogo\u010da, da obiskovalci spletne strani stopijo v kontakt s podjetjem Juniti, Kristijan Vogrin\u010di\u010d s.p. Sporo\u010dilo se po\u0161lje kot e-po\u0161tno sporo\u010dilo na elektronski naslov podjetja Juniti, hrani pa se tudi na stre\u017eniku spletne strani, kar je funkcionalnost vti\u010dnika Flamingo (dodatek h Contact Form 7). Informacije, ki jih obiskovalec spletne strani po\u0161lje, so:<\/p>\n<ul>\n<li>Ime in priimek<\/li>\n<li>Elektronski naslov<\/li>\n<\/ul>\n<p>Ti podatki omogo\u010dajo morebitno nadaljnjo komunikacijo in jih uporabljamo izklju\u010dno za \u010das posredovanja informacij, podatkov pa v nobenem primeru ne tr\u017eimo ali posredujemo tretjim osebam.<\/p>\n<p>Juniti, Kristijan Vogrin\u010di\u010d s.p. spo\u0161tuje va\u0161o zasebnost in je zavezano, da pri zbiranju, hrambi in obdelavi osebnih podatkov ravna skrbno in v skladu z veljavnimi predpisi o varstvu osebnih podatkov.<\/p>\n<h2>Pi\u0161kotki<\/h2>\n<h3>Kaj je pi\u0161kotek?<\/h3>\n<p>Pi\u0161kotki so majhne datoteke, namenjene shranjevanju internetnih nastavitev. Pi\u0161kotek se preko brskalnika prenese k obiskovalcu spletne strani med prvim obiskom in omogo\u010di, da ob naslednjem obisku spletna stran prepozna uporabnika in prilagodi prikazano vsebino. Pi\u0161kotki si lahko zapomnijo va\u0161e nastavitve in naredijo prikazano vsebino bolj ustrezno va\u0161im interesom in potrebam.<\/p>\n<h3>Pi\u0161kotki, ki jih uporablja na\u0161a stran<\/h3>\n<p>Spletna stran www.juniti.si uporablja naslednje pi\u0161kotke:<\/p>\n\n<table id=\"tablepress-3\" class=\"tablepress tablepress-id-3\">\n<thead>\n<tr class=\"row-1\">\n\t<th class=\"column-1\">Ime<\/th><th class=\"column-2\">Namen<\/th><th class=\"column-3\">Veljavnost<\/th>\n<\/tr>\n<\/thead>\n<tbody class=\"row-striping\">\n<tr class=\"row-2\">\n\t<td class=\"column-1\">wp-settings-time-<\/td><td class=\"column-2\">Pi\u0161kotek se uporablja za prilagoditev izgleda spletne strani.<\/td><td class=\"column-3\">1 leto<\/td>\n<\/tr>\n<tr class=\"row-3\">\n\t<td class=\"column-1\">wp-settings-<\/td><td class=\"column-2\">Pi\u0161kotek se uporablja za prilagoditev izgleda spletne strani.<\/td><td class=\"column-3\">1 leto<\/td>\n<\/tr>\n<tr class=\"row-4\">\n\t<td class=\"column-1\">pll_language<\/td><td class=\"column-2\">Pi\u0161kotek, s katerim si zapomnimo izbran jezik strani.<\/td><td class=\"column-3\">1 leto<\/td>\n<\/tr>\n<tr class=\"row-5\">\n\t<td class=\"column-1\">_gid<\/td><td class=\"column-2\">Pi\u0161kotek storitve Google Analytics za razlikovanje med uporabniki.<\/td><td class=\"column-3\">24 ur<\/td>\n<\/tr>\n<tr class=\"row-6\">\n\t<td class=\"column-1\">_ga<\/td><td class=\"column-2\">Pi\u0161kotek storitve Google Analytics za razlikovanje med uporabniki.<\/td><td class=\"column-3\">2 leti<\/td>\n<\/tr>\n<\/tbody>\n<\/table>\n<!-- #tablepress-3 from cache -->\n<h3>Uporaba storitve Google Analytics<\/h3>\n<p>Spletna stran <a href=\"http:\/\/juniti.si\">www.juniti.si<\/a> uporablja storitev Google Analytics, ki z uporabo pi\u0161kotkov omogo\u010da analizo obiska spletne strani.<\/p>\n<h3>Kako odstraniti pi\u0161kotke?<\/h3>\n<p>\u010ce obiskovalec spletne strani ne \u017eeli, da se pi\u0161kotki shranjujejo na njegov ra\u010dunalnik, jih lahko omeji ali odstrani v nastavitvah svojega brskalnika. Zaradi tega bo delovanje spletne strani <a href=\"http:\/\/juniti.si\">www.juniti.si<\/a> morda okrnjeno. Prav tako ima obiskovalec spletne strani mo\u017enost onemogo\u010diti storitev Google Analytics, za to je namenjen dodatek\u00a0<a href=\"https:\/\/tools.google.com\/dlpage\/gaoptout?hl=en\" target=\"_blank\" rel=\"noopener\">Vti\u010dnik za prepre\u010devanje nalaganja Google Analytics<\/a><\/p>\n<h2>Vsebina z drugih spletnih strani<\/h2>\n<p>Vsebine na spletni strani <a href=\"http:\/\/juniti.si\">www.juniti.si<\/a> lahko vsebujejo povezave ali vdelano vsebino drugih spletnih strani in ponudnikov, ki imajo svojo politiko varovanja zasebnosti. Te strani lahko zbirajo podatke o vas, uporabljajo pi\u0161kotke, na kar podjetje Juniti, Kristijan Vogrin\u010di\u010d s.p. nima vpliva in\u00a0ne prevzema nikakr\u0161ne odgovornosti za za\u0161\u010dito podatkov na teh spletnih straneh.<\/p>\n<h2>Kako dolgo hranimo va\u0161e podatke?<\/h2>\n<p>Osebni podatki, posredovani preko kontaktnega obrazca na www.juniti.si, se bodo shranjevali in uporabljali le toliko \u010dasa, dokler bo to potrebno za dosego namena, zaradi katerega so bili obdelovani.<\/p>\n<h2>Va\u0161e pravice<\/h2>\n<p>V skladu z dolo\u010dili Splo\u0161ne uredbe EU o varstvu osebnih podatkov (GDPR) imate pravico zahtevati izbris osebnih podatkov, ki ste nam jih posredovali v kontaktnem obrazcu.<\/p>\n<p>Prav tako lahko zahtevate, da izbri\u0161emo vse osebne podatke, ki jih imamo o vas. To ne vklju\u010duje podatkov, ki jih moramo hraniti v administrativne, pravne ali varnostne namene.<\/p>\n<h2>Kako varujemo va\u0161e osebne podatke<\/h2>\n<p>Preko kontaktnega obrazca nam posredujete le relevantne informacije in vsebine. V obrazec ne vpisujete\u00a0podatkov, ki bi lahko bili zlorabljeni s strani spletnih kriminalcev. Spletna stran <a href=\"http:\/\/juniti.si\">www.juniti.si<\/a> gostuje na varnem spletnem stre\u017eniku in jo redno varnostno preglejujemo.<\/p>\n<h2>Dodatne informacije in kontakt<\/h2>\n<p>Za ve\u010d informacij o politiki zasebnosti spletne strani <a href=\"http:\/\/www.juniti.si\">www.juniti.si<\/a> nam lahko pi\u0161ete na mail <a href=\"&#x6d;&#x61;&#x69;&#x6c;&#x74;&#111;&#58;&#104;&#101;llo&#x40;&#x6a;&#x75;&#x6e;&#x69;&#x74;&#105;&#46;&#115;i\">hel&#108;&#111;&#64;&#106;&#x75;&#x6e;&#x69;&#x74;&#x69;&#x2e;&#x73;i<\/a>.<\/p>\n","protected":false},"excerpt":{"rendered":"<p>Kdo smo? Spletno mesto www.juniti.si upravlja Juniti, Kristijan Vogrin\u010di\u010d s.p., Kup\u0161inci 66, 9000 Murska Sobota. Katere osebne podatke zbiramo in namen zbiranja? Komentarji Na spletni strani www.juniti.si so komentarji onemogo\u010deni. Kontaktni obrazec Spletna stran www.juniti.si uporablja vti\u010dnik Contact Form 7, ki omogo\u010da, da obiskovalci spletne strani stopijo v kontakt s podjetjem Juniti, Kristijan Vogrin\u010di\u010d s.p. [&hellip;]<\/p>\n","protected":false},"author":3,"featured_media":0,"parent":0,"menu_order":0,"comment_status":"closed","ping_status":"closed","template":"","meta":{"footnotes":""},"class_list":["post-1097","page","type-page","status-publish","hentry"],"yoast_head":"<!-- This site is optimized with the Yoast SEO plugin v27.5 - https:\/\/yoast.com\/product\/yoast-seo-wordpress\/ -->\n<title>Politika zasebnosti za obiskovalce spletne strani - GDPR - Juniti<\/title>\n<meta name=\"robots\" content=\"index, follow, max-snippet:-1, max-image-preview:large, max-video-preview:-1\" \/>\n<link rel=\"canonical\" href=\"https:\/\/www.juniti.si\/web\/politika-zasebnosti-za-obiskovalce-spletne-strani-gdpr\/\" \/>\n<meta property=\"og:locale\" content=\"sl_SI\" \/>\n<meta property=\"og:type\" content=\"article\" \/>\n<meta property=\"og:title\" content=\"Politika zasebnosti za obiskovalce spletne strani - GDPR - Juniti\" \/>\n<meta property=\"og:description\" content=\"Kdo smo? Spletno mesto www.juniti.si upravlja Juniti, Kristijan Vogrin\u010di\u010d s.p., Kup\u0161inci 66, 9000 Murska Sobota. Katere osebne podatke zbiramo in namen zbiranja? Komentarji Na spletni strani www.juniti.si so komentarji onemogo\u010deni. Kontaktni obrazec Spletna stran www.juniti.si uporablja vti\u010dnik Contact Form 7, ki omogo\u010da, da obiskovalci spletne strani stopijo v kontakt s podjetjem Juniti, Kristijan Vogrin\u010di\u010d s.p. [&hellip;]\" \/>\n<meta property=\"og:url\" content=\"https:\/\/www.juniti.si\/web\/politika-zasebnosti-za-obiskovalce-spletne-strani-gdpr\/\" \/>\n<meta property=\"og:site_name\" content=\"Juniti\" \/>\n<meta property=\"article:publisher\" content=\"https:\/\/www.facebook.com\/juniti.si\/?fref=ts\" \/>\n<meta name=\"twitter:card\" content=\"summary_large_image\" \/>\n<meta name=\"twitter:label1\" content=\"Est. reading time\" \/>\n\t<meta name=\"twitter:data1\" content=\"3 minute\" \/>\n<script type=\"application\/ld+json\" class=\"yoast-schema-graph\">{\"@context\":\"https:\\\/\\\/schema.org\",\"@graph\":[{\"@type\":\"WebPage\",\"@id\":\"https:\\\/\\\/www.juniti.si\\\/web\\\/politika-zasebnosti-za-obiskovalce-spletne-strani-gdpr\\\/\",\"url\":\"https:\\\/\\\/www.juniti.si\\\/web\\\/politika-zasebnosti-za-obiskovalce-spletne-strani-gdpr\\\/\",\"name\":\"Politika zasebnosti za obiskovalce spletne strani - GDPR - Juniti\",\"isPartOf\":{\"@id\":\"https:\\\/\\\/www.juniti.si\\\/web\\\/#website\"},\"datePublished\":\"2018-05-24T20:00:59+00:00\",\"breadcrumb\":{\"@id\":\"https:\\\/\\\/www.juniti.si\\\/web\\\/politika-zasebnosti-za-obiskovalce-spletne-strani-gdpr\\\/#breadcrumb\"},\"inLanguage\":\"sl-SI\",\"potentialAction\":[{\"@type\":\"ReadAction\",\"target\":[\"https:\\\/\\\/www.juniti.si\\\/web\\\/politika-zasebnosti-za-obiskovalce-spletne-strani-gdpr\\\/\"]}]},{\"@type\":\"BreadcrumbList\",\"@id\":\"https:\\\/\\\/www.juniti.si\\\/web\\\/politika-zasebnosti-za-obiskovalce-spletne-strani-gdpr\\\/#breadcrumb\",\"itemListElement\":[{\"@type\":\"ListItem\",\"position\":1,\"name\":\"Home\",\"item\":\"https:\\\/\\\/www.juniti.si\\\/web\\\/\"},{\"@type\":\"ListItem\",\"position\":2,\"name\":\"Politika zasebnosti za obiskovalce spletne strani &#8211; GDPR\"}]},{\"@type\":\"WebSite\",\"@id\":\"https:\\\/\\\/www.juniti.si\\\/web\\\/#website\",\"url\":\"https:\\\/\\\/www.juniti.si\\\/web\\\/\",\"name\":\"Juniti\",\"description\":\"Juniti WEB site\",\"potentialAction\":[{\"@type\":\"SearchAction\",\"target\":{\"@type\":\"EntryPoint\",\"urlTemplate\":\"https:\\\/\\\/www.juniti.si\\\/web\\\/?s={search_term_string}\"},\"query-input\":{\"@type\":\"PropertyValueSpecification\",\"valueRequired\":true,\"valueName\":\"search_term_string\"}}],\"inLanguage\":\"sl-SI\"}]}<\/script>\n<!-- \/ Yoast SEO plugin. -->","yoast_head_json":{"title":"Politika zasebnosti za obiskovalce spletne strani - GDPR - Juniti","robots":{"index":"index","follow":"follow","max-snippet":"max-snippet:-1","max-image-preview":"max-image-preview:large","max-video-preview":"max-video-preview:-1"},"canonical":"https:\/\/www.juniti.si\/web\/politika-zasebnosti-za-obiskovalce-spletne-strani-gdpr\/","og_locale":"sl_SI","og_type":"article","og_title":"Politika zasebnosti za obiskovalce spletne strani - GDPR - Juniti","og_description":"Kdo smo? Spletno mesto www.juniti.si upravlja Juniti, Kristijan Vogrin\u010di\u010d s.p., Kup\u0161inci 66, 9000 Murska Sobota. Katere osebne podatke zbiramo in namen zbiranja? Komentarji Na spletni strani www.juniti.si so komentarji onemogo\u010deni. Kontaktni obrazec Spletna stran www.juniti.si uporablja vti\u010dnik Contact Form 7, ki omogo\u010da, da obiskovalci spletne strani stopijo v kontakt s podjetjem Juniti, Kristijan Vogrin\u010di\u010d s.p. [&hellip;]","og_url":"https:\/\/www.juniti.si\/web\/politika-zasebnosti-za-obiskovalce-spletne-strani-gdpr\/","og_site_name":"Juniti","article_publisher":"https:\/\/www.facebook.com\/juniti.si\/?fref=ts","twitter_card":"summary_large_image","twitter_misc":{"Est. reading time":"3 minute"},"schema":{"@context":"https:\/\/schema.org","@graph":[{"@type":"WebPage","@id":"https:\/\/www.juniti.si\/web\/politika-zasebnosti-za-obiskovalce-spletne-strani-gdpr\/","url":"https:\/\/www.juniti.si\/web\/politika-zasebnosti-za-obiskovalce-spletne-strani-gdpr\/","name":"Politika zasebnosti za obiskovalce spletne strani - GDPR - Juniti","isPartOf":{"@id":"https:\/\/www.juniti.si\/web\/#website"},"datePublished":"2018-05-24T20:00:59+00:00","breadcrumb":{"@id":"https:\/\/www.juniti.si\/web\/politika-zasebnosti-za-obiskovalce-spletne-strani-gdpr\/#breadcrumb"},"inLanguage":"sl-SI","potentialAction":[{"@type":"ReadAction","target":["https:\/\/www.juniti.si\/web\/politika-zasebnosti-za-obiskovalce-spletne-strani-gdpr\/"]}]},{"@type":"BreadcrumbList","@id":"https:\/\/www.juniti.si\/web\/politika-zasebnosti-za-obiskovalce-spletne-strani-gdpr\/#breadcrumb","itemListElement":[{"@type":"ListItem","position":1,"name":"Home","item":"https:\/\/www.juniti.si\/web\/"},{"@type":"ListItem","position":2,"name":"Politika zasebnosti za obiskovalce spletne strani &#8211; GDPR"}]},{"@type":"WebSite","@id":"https:\/\/www.juniti.si\/web\/#website","url":"https:\/\/www.juniti.si\/web\/","name":"Juniti","description":"Juniti WEB site","potentialAction":[{"@type":"SearchAction","target":{"@type":"EntryPoint","urlTemplate":"https:\/\/www.juniti.si\/web\/?s={search_term_string}"},"query-input":{"@type":"PropertyValueSpecification","valueRequired":true,"valueName":"search_term_string"}}],"inLanguage":"sl-SI"}]}},"_links":{"self":[{"href":"https:\/\/www.juniti.si\/web\/wp-json\/wp\/v2\/pages\/1097","targetHints":{"allow":["GET"]}}],"collection":[{"href":"https:\/\/www.juniti.si\/web\/wp-json\/wp\/v2\/pages"}],"about":[{"href":"https:\/\/www.juniti.si\/web\/wp-json\/wp\/v2\/types\/page"}],"author":[{"embeddable":true,"href":"https:\/\/www.juniti.si\/web\/wp-json\/wp\/v2\/users\/3"}],"replies":[{"embeddable":true,"href":"https:\/\/www.juniti.si\/web\/wp-json\/wp\/v2\/comments?post=1097"}],"version-history":[{"count":11,"href":"https:\/\/www.juniti.si\/web\/wp-json\/wp\/v2\/pages\/1097\/revisions"}],"predecessor-version":[{"id":1112,"href":"https:\/\/www.juniti.si\/web\/wp-json\/wp\/v2\/pages\/1097\/revisions\/1112"}],"wp:attachment":[{"href":"https:\/\/www.juniti.si\/web\/wp-json\/wp\/v2\/media?parent=1097"}],"curies":[{"name":"wp","href":"https:\/\/api.w.org\/{rel}","templated":true}]}}